{"id":954,"date":"2025-04-16T06:11:16","date_gmt":"2025-04-16T06:11:16","guid":{"rendered":"https:\/\/fc-waldsiedlung.at\/?page_id=954"},"modified":"2025-04-16T07:19:44","modified_gmt":"2025-04-16T07:19:44","slug":"impressum","status":"publish","type":"page","link":"https:\/\/fc-waldsiedlung.at\/?page_id=954","title":{"rendered":"Impressum"},"content":{"rendered":"\n<p><strong>FC Waldsiedlung<\/strong><br>Sch\u00fctterstra\u00dfe 19\/1<br>9601 Arnoldstein<br>\u00d6sterreich<\/p>\n\n\n\n<p>E-Mail:\u00a0<a class=\"\">obmann@fc-waldsiedlung.at<\/a><br>Website: <a class=\"\" href=\"http:\/\/www.fc-waldsiedlung.at\/\">www.fc-waldsiedlung.at<\/a><\/p>\n\n\n\n<p><br><strong>ZVR-Zahl:<\/strong>\u00a0<em>VL6-VER-1469\/1-2002<\/em><br><strong>Vertretungsberechtigt:<\/strong>\u00a0Obmann FC Waldsiedlung<br><strong>Haftungsausschluss:<\/strong>\u00a0Trotz sorgf\u00e4ltiger inhaltlicher Kontrolle \u00fcbernehmen wir keine Haftung f\u00fcr externe Links. F\u00fcr den Inhalt verlinkter Seiten sind ausschlie\u00dflich deren Betreiber verantwortlich.<\/p>\n","protected":false},"excerpt":{"rendered":"<p>FC WaldsiedlungSch\u00fctterstra\u00dfe 19\/19601 Arnoldstein\u00d6sterreich E-Mail:\u00a0obmann@fc-waldsiedlung.atWebsite: www.fc-waldsiedlung.at ZVR-Zahl:\u00a0VL6-VER-1469\/1-2002Vertretungsberechtigt:\u00a0Obmann FC WaldsiedlungHaftungsausschluss:\u00a0Trotz sorgf\u00e4ltiger inhaltlicher Kontrolle \u00fcbernehmen wir keine Haftung f\u00fcr externe Links. F\u00fcr den Inhalt verlinkter Seiten sind ausschlie\u00dflich deren Betreiber verantwortlich.<\/p>\n","protected":false},"author":1,"featured_media":0,"parent":0,"menu_order":0,"comment_status":"closed","ping_status":"closed","template":"","meta":{"footnotes":""},"class_list":["post-954","page","type-page","status-publish","hentry"],"_links":{"self":[{"href":"https:\/\/fc-waldsiedlung.at\/index.php?rest_route=\/wp\/v2\/pages\/954","targetHints":{"allow":["GET"]}}],"collection":[{"href":"https:\/\/fc-waldsiedlung.at\/index.php?rest_route=\/wp\/v2\/pages"}],"about":[{"href":"https:\/\/fc-waldsiedlung.at\/index.php?rest_route=\/wp\/v2\/types\/page"}],"author":[{"embeddable":true,"href":"https:\/\/fc-waldsiedlung.at\/index.php?rest_route=\/wp\/v2\/users\/1"}],"replies":[{"embeddable":true,"href":"https:\/\/fc-waldsiedlung.at\/index.php?rest_route=%2Fwp%2Fv2%2Fcomments&post=954"}],"version-history":[{"count":5,"href":"https:\/\/fc-waldsiedlung.at\/index.php?rest_route=\/wp\/v2\/pages\/954\/revisions"}],"predecessor-version":[{"id":966,"href":"https:\/\/fc-waldsiedlung.at\/index.php?rest_route=\/wp\/v2\/pages\/954\/revisions\/966"}],"wp:attachment":[{"href":"https:\/\/fc-waldsiedlung.at\/index.php?rest_route=%2Fwp%2Fv2%2Fmedia&parent=954"}],"curies":[{"name":"wp","href":"https:\/\/api.w.org\/{rel}","templated":true}]}}